{"id":643,"date":"2018-03-10T15:35:22","date_gmt":"2018-03-10T13:35:22","guid":{"rendered":"http:\/\/www.annaenrich.com\/politica-de-privacitat\/"},"modified":"2018-05-01T12:41:17","modified_gmt":"2018-05-01T10:41:17","slug":"politica-de-privacidad","status":"publish","type":"page","link":"https:\/\/www.annaenrich.com\/es\/politica-de-privacidad\/","title":{"rendered":"Pol\u00edtica de privacidad"},"content":{"rendered":"<div class=\"wpb-content-wrapper\"><p>[vc_row css_animation=\u00bb\u00bb row_type=\u00bbrow\u00bb use_row_as_full_screen_section=\u00bbno\u00bb type=\u00bbgrid\u00bb angled_section=\u00bbno\u00bb text_align=\u00bbleft\u00bb background_image_as_pattern=\u00bbwithout_pattern\u00bb css=\u00bb.vc_custom_1520688623267{padding-top: 60px !important;padding-bottom: 30px !important;}\u00bb z_index=\u00bb\u00bb][vc_column][vc_column_text]Por medio de nuestra Pol\u00edtica de Privacidad le ponemos al corriente de las distintas formas en que <strong>www.annaenrich.com<\/strong>. (en adelante, \u201cnosotros\u201d) maneja la informaci\u00f3n que usted nos provee mientras navega en nuestro sitio.<br \/>\nLa utilizaci\u00f3n de \u00e9stos implica su aceptaci\u00f3n plena y sin reservas a todas y cada una de las disposiciones incluidas en esta declaraci\u00f3n de privacidad, por lo que si usted no est\u00e1 de acuerdo con cualquiera de las condiciones expuestas, no deber\u00e1 hacer uso ni acceder a este sitio web.<br \/>\nNos reservamos el derecho a modificar esta declaraci\u00f3n de privacidad en cualquier momento. Su uso continuo de cualquier porci\u00f3n de este sitio tras la notificaci\u00f3n o anuncio de tales modificaciones constituir\u00e1 la aceptaci\u00f3n de tales cambios. [\/vc_column_text][vc_empty_space height=\u00bb20px\u00bb][vc_column_text]<\/p>\n<h4>Galletas o cookies<\/h4>\n<p>Este sitio web hace uso de cookies, las cuales son peque\u00f1os ficheros de datos que se generan en su ordenador y que env\u00edan informaci\u00f3n pero sin proporcionar referencias que permitan deducir datos personales del visitante. Usted podr\u00e1 configurar su navegador para que notifique y rechace la instalaci\u00f3n de las cookies enviadas por este sitio web, sin que ello perjudique la posibilidad de acceder a los contenidos. Sin embargo, la desactivaci\u00f3n de las mismas podr\u00eda impedir el buen funcionamiento del sitio web.[\/vc_column_text][vc_empty_space height=\u00bb20px\u00bb][vc_column_text]<\/p>\n<h4>Pol\u00edtica de protecci\u00f3n de datos personales<\/h4>\n<p>Para utilizar algunos de los servicios o acceder a determinados contenidos, deber\u00e1 proporcionar previamente ciertos datos de car\u00e1cter personal que no son obligatorios a menos que se indique lo contrario y que son requeridos para poder prestarle el servicio o acceder al contenido.<br \/>\nSiso Studio podr\u00e1 utilizar esta informaci\u00f3n para prop\u00f3sitos estad\u00edsticos o de estudio del comportamiento de los visitantes en nuestros sitios web.<br \/>\nC\u00f3mo principio general, no compartimos ni revelamos la informaci\u00f3n obtenida, excepto cuando haya sido autorizada por usted, o en los siguientes casos:<\/p>\n<ul>\n<li>a) Cuando le sea requerido por una autoridad competente y previo el cumplimiento del tr\u00e1mite legal correspondiente.<\/li>\n<li>b) Cuando a juicio de este sitio web, sea necesario para hacer cumplir las condiciones de uso y dem\u00e1s t\u00e9rminos de esta p\u00e1gina, o para salvaguardar la integridad de los dem\u00e1s usuarios o del sitio.<\/li>\n<\/ul>\n<p>Este sitio web puede contener enlaces hacia otros sitios web ajenos de los cuales no nos responsabilizamos por las pr\u00e1cticas que hagan en materia de privacidad y protecci\u00f3n de datos personales, por lo que le recomendamos leer las pol\u00edticas de privacidad de dichos sitios web.<br \/>\nDeber\u00e1 ser consciente de que si usted voluntariamente revela informaci\u00f3n personal en l\u00ednea en un \u00e1rea p\u00fablica, esa informaci\u00f3n puede ser recogida y usada por otros. Nosotros no controlamos las acciones de nuestros visitantes y usuarios.[\/vc_column_text][vc_empty_space height=\u00bb20px\u00bb][vc_column_text]<\/p>\n<h4>Conducta Responsable<\/h4>\n<p>Toda la informaci\u00f3n que facilite deber\u00e1 ser veraz. A estos efectos, usted garantiza la autenticidad de todos aquellos datos que comunique como consecuencia de la cumplimentaci\u00f3n de los formularios necesarios para la suscripci\u00f3n de los servicios, acceso a contenidos o \u00e1reas restringidas del sitio. En todo caso usted ser\u00e1 el \u00fanico responsable de las manifestaciones falsas o inexactas que realice y de los perjuicios que cause a este sitio o a terceros por la informaci\u00f3n que facilite.<br \/>\nUsted se compromete a actuar en forma responsable en este sitio web.[\/vc_column_text][vc_separator type=\u00bbtransparent\u00bb thickness=\u00bb0&#8243; up=\u00bb33&#8243; down=\u00bb0&#8243;][\/vc_column][\/vc_row][vc_row css_animation=\u00bb\u00bb row_type=\u00bbrow\u00bb use_row_as_full_screen_section=\u00bbno\u00bb type=\u00bbfull_width\u00bb angled_section=\u00bbno\u00bb text_align=\u00bbcenter\u00bb background_image_as_pattern=\u00bbwithout_pattern\u00bb][vc_column]<div class=\"call_to_action simple\" style=\"background-color: #b2b2b1;padding-top: 40px;padding-bottom: 40px;\"><div class=\"container_inner\"><div class=\"text_wrapper column1\"><div class=\"call_to_action_text  font_size_inherit font_weight_inherit letter_spacing_inherit\" style=\"font-size:20px;font-weight: 300;letter-spacing: 2px;\">\n<p style=\"text-align: center\"><span style=\"color: #ffffff\">Si necesitas m\u00e1s informaci\u00f3n contacta conmigo<\/span><\/p>\n<\/div><a itemprop=\"url\" href=\"\/es\/contacto\" class=\"qbutton white medium\" target=\"_self\" style=\"color: #b2b2b1;background-color:#ffffff;\" data-hover-background-color=#ad0132 data-hover-color=#ffffff>CONTACTAR AHORA<\/a><\/div><\/div><\/div>[\/vc_column][\/vc_row]<\/p>\n<\/div>","protected":false},"excerpt":{"rendered":"<p>[vc_row css_animation=\u00bb\u00bb row_type=\u00bbrow\u00bb use_row_as_full_screen_section=\u00bbno\u00bb type=\u00bbgrid\u00bb angled_section=\u00bbno\u00bb text_align=\u00bbleft\u00bb background_image_as_pattern=\u00bbwithout_pattern\u00bb css=\u00bb.vc_custom_1520688623267{padding-top: 60px !important;padding-bottom: 30px !important;}\u00bb z_index=\u00bb\u00bb][vc_column][vc_column_text]Por medio de nuestra Pol\u00edtica de Privacidad le ponemos al corriente de las distintas formas en que www.annaenrich.com. (en adelante, \u201cnosotros\u201d) maneja la informaci\u00f3n que usted nos provee mientras navega en nuestro sitio. La utilizaci\u00f3n de \u00e9stos implica su aceptaci\u00f3n plena y sin reservas a todas y cada una de las disposiciones incluidas en esta declaraci\u00f3n de privacidad, por lo que si usted no est\u00e1 de acuerdo&#8230;<\/p>\n","protected":false},"author":1,"featured_media":0,"parent":0,"menu_order":0,"comment_status":"closed","ping_status":"closed","template":"full_width.php","meta":{"footnotes":""},"class_list":["post-643","page","type-page","status-publish","hentry"],"_links":{"self":[{"href":"https:\/\/www.annaenrich.com\/es\/wp-json\/wp\/v2\/pages\/643","targetHints":{"allow":["GET"]}}],"collection":[{"href":"https:\/\/www.annaenrich.com\/es\/wp-json\/wp\/v2\/pages"}],"about":[{"href":"https:\/\/www.annaenrich.com\/es\/wp-json\/wp\/v2\/types\/page"}],"author":[{"embeddable":true,"href":"https:\/\/www.annaenrich.com\/es\/wp-json\/wp\/v2\/users\/1"}],"replies":[{"embeddable":true,"href":"https:\/\/www.annaenrich.com\/es\/wp-json\/wp\/v2\/comments?post=643"}],"version-history":[{"count":0,"href":"https:\/\/www.annaenrich.com\/es\/wp-json\/wp\/v2\/pages\/643\/revisions"}],"wp:attachment":[{"href":"https:\/\/www.annaenrich.com\/es\/wp-json\/wp\/v2\/media?parent=643"}],"curies":[{"name":"wp","href":"https:\/\/api.w.org\/{rel}","templated":true}]}}