{"id":636,"date":"2016-02-19T12:16:25","date_gmt":"2016-02-19T12:16:25","guid":{"rendered":"http:\/\/www.annaenrich.com\/sobre-mi\/"},"modified":"2024-05-01T13:37:00","modified_gmt":"2024-05-01T11:37:00","slug":"sobre-mi-2","status":"publish","type":"page","link":"https:\/\/www.annaenrich.com\/es\/sobre-mi-2\/","title":{"rendered":"Sobre mi"},"content":{"rendered":"<div class=\"wpb-content-wrapper\"><p>[vc_row css_animation=\u00bb\u00bb row_type=\u00bbrow\u00bb use_row_as_full_screen_section=\u00bbno\u00bb type=\u00bbgrid\u00bb angled_section=\u00bbno\u00bb text_align=\u00bbleft\u00bb background_image_as_pattern=\u00bbwithout_pattern\u00bb css=\u00bb.vc_custom_1520690035813{padding-top: 60px !important;padding-bottom: 30px !important;}\u00bb z_index=\u00bb\u00bb][vc_column offset=\u00bbvc_col-lg-6 vc_col-md-6&#8243;][vc_column_text css=\u00bb\u00bb]<\/p>\n<h4><strong>Psicoterapia y v\u00ednculo afectivo, terapia breve y estrat\u00e9gica, coaching, liderazgo, formadora y mentora.<br \/>\n<\/strong><\/h4>\n<p>[\/vc_column_text][vc_separator type=\u00bbtransparent\u00bb thickness=\u00bb0&#8243; up=\u00bb33&#8243; down=\u00bb0&#8243;][vc_column_text]<\/p>\n<p style=\"text-align: justify;\"><strong>M\u00e1ster en Psicoterapia y V\u00ednculo Afectivo (Universitat de Girona), M\u00e1ster experta en Coaching (Instituto Europeo de Coaching), Especialista en Terapia Breve y Estrat\u00e9gica (Escuela Palo Bajo_Cetebreu), Posgrado en Liderazgo y Desarrollo de las personas (Universitat de Girona), Especialista en Protocolo y Organitzaci\u00f3n de Actos (Fundaci\u00f3 Universitat de Girona), formada en Gesti\u00f3n empresarial, Habilidades de comunicaci\u00f3n, PNL, Mindfulness, Neuroliderazgo y otros (formaci\u00f3n continua en Barcelona y Girona).<\/strong><\/p>\n<p>[\/vc_column_text][vc_separator type=\u00bbtransparent\u00bb thickness=\u00bb0&#8243; up=\u00bb15&#8243; down=\u00bb0&#8243;][vc_column_text]<\/p>\n<p style=\"text-align: justify;\">Desde siempre he sido una persona inquieta, con muchos intereses, inconformista y con ilusiones.<\/p>\n<p>&nbsp;<\/p>\n<p style=\"text-align: justify;\">Estudi\u00e9 Turismo en Girona y hablo varios idiomas. He vivido durante a\u00f1os en diferentes pa\u00edses, lo que me ha aportado mucha riqueza personal y descubrir que en la vida siempre hay m\u00e1s oportunidades de las que creemos.<\/p>\n<p>&nbsp;<\/p>\n<p style=\"text-align: justify;\">El estudio y el aprendizaje han sido una constante a lo largo de mi vida. Siempre me ha gustado formarme para mejorar como persona y como profesional y he buscado y encontrado los recursos para conseguirlo.<\/p>\n<p>&nbsp;<\/p>\n<p style=\"text-align: justify;\">En esta b\u00fasqueda siempre he intentado hacer lo que me gustaba, reinvent\u00e1ndome varias veces y enfoc\u00e1ndome en hacer realidad mis sue\u00f1os.<\/p>\n<p>&nbsp;<\/p>\n<p style=\"text-align: justify;\">He trabajado en varias empresas, por mi cuenta y durante a\u00f1os fui directora de unidades de negocio. Posteriormente decid\u00ed cambiar radicalmente mi vida para estar cerca de los m\u00edos y centrarme en mi pasi\u00f3n: ayudar a las personas a sentirse bien con ellas mismas y conseguir sus objetivos.<\/p>\n<p>&nbsp;<\/p>\n<p style=\"text-align: justify;\">Mi experiencia vital y la superaci\u00f3n contin\u00faa me han demostrado que <strong>ES POSIBLE CAMBIAR. <\/strong><\/p>\n<p>[\/vc_column_text][vc_separator type=\u00bbtransparent\u00bb thickness=\u00bb0&#8243; up=\u00bb15&#8243; down=\u00bb0&#8243;][vc_column_text]<span style=\"color: #ad0132;\"><strong>SIEMPRE HAN DICHO DE M\u00cd QUE TENGO LA HABILIDAD DE ENCONTRAR LAS HERRAMIENTAS Y LOS RECURSOS PARA CONSEGUIR LOS OBJETIVOS PROPUESTOS.<\/strong><\/span>[\/vc_column_text][vc_separator type=\u00bbtransparent\u00bb thickness=\u00bb0&#8243; up=\u00bb54&#8243; down=\u00bb0&#8243;][\/vc_column][vc_column offset=\u00bbvc_col-lg-6 vc_col-md-6&#8243;][vc_separator type=\u00bbtransparent\u00bb thickness=\u00bb0&#8243; up=\u00bb5&#8243; down=\u00bb0&#8243;][vc_single_image image=\u00bb535&#8243; img_size=\u00bbfull\u00bb alignment=\u00bbright\u00bb qode_css_animation=\u00bb\u00bb][vc_separator type=\u00bbtransparent\u00bb thickness=\u00bb0&#8243; up=\u00bb54&#8243; down=\u00bb0&#8243;][vc_row_inner row_type=\u00bbrow\u00bb type=\u00bbfull_width\u00bb text_align=\u00bbleft\u00bb css_animation=\u00bb\u00bb][vc_column_inner width=\u00bb1\/2&#8243;][vc_column_text css=\u00bb.vc_custom_1525204885517{padding-top: 20px !important;padding-right: 20px !important;padding-bottom: 20px !important;padding-left: 20px !important;background-color: #ad0132 !important;}\u00bb]<\/p>\n<h3 style=\"text-align: center;\"><span style=\"color: #ffffff;\">MI MISI\u00d3N<\/span><\/h3>\n<p>&nbsp;<\/p>\n<p style=\"text-align: center;\"><span style=\"color: #ffffff;\">Te ayudo a encontrar las herramientas y recursos para ser una persona con confianza y carisma. Te acompa\u00f1o y te gu\u00edo a superar los miedos que te limitan y a conseguir tus objetivos.<\/span><\/p>\n<p>[\/vc_column_text][\/vc_column_inner][vc_column_inner width=\u00bb1\/2&#8243;][vc_column_text css=\u00bb.vc_custom_1525170651294{padding-top: 25px !important;padding-right: 25px !important;padding-bottom: 25px !important;padding-left: 25px !important;background-color: #ad0132 !important;}\u00bb]<\/p>\n<h3 style=\"text-align: center;\"><span style=\"color: #ffffff;\">MIS VALORES<\/span><\/h3>\n<p style=\"text-align: center;\"><span style=\"color: #ffffff;\"><br \/>\nM\u00e1ximo compromiso.<br \/>\nHonestidad y autenticidad.<br \/>\nMejora cont\u00ednua.<br \/>\nEmpat\u00eda.<\/span><\/p>\n<p style=\"text-align: center;\"><span style=\"color: #ffffff;\">Trato excelente y personalizado.<\/span><\/p>\n<p>[\/vc_column_text][\/vc_column_inner][\/vc_row_inner][\/vc_column][\/vc_row][vc_row css_animation=\u00bb\u00bb row_type=\u00bbrow\u00bb use_row_as_full_screen_section=\u00bbno\u00bb type=\u00bbfull_width\u00bb angled_section=\u00bbno\u00bb text_align=\u00bbcenter\u00bb background_image_as_pattern=\u00bbwithout_pattern\u00bb][vc_column]<div class=\"call_to_action simple\" style=\"background-color: #b2b2b1;padding-top: 40px;padding-bottom: 40px;\"><div class=\"container_inner\"><div class=\"text_wrapper column1\"><div class=\"call_to_action_text  font_size_inherit font_weight_inherit letter_spacing_inherit\" style=\"font-size:20px;font-weight: 300;letter-spacing: 2px;\">\n<h5 style=\"text-align: center\"><span style=\"color: #ffffff\">\u00bfQuieres contratar UNA CONFERENCIA? Hazme tu propuesta y la puedo adaptar a tus necesidades. \u00a1Estar\u00e9 encantada! <\/span><\/h5>\n<\/div><a itemprop=\"url\" href=\"\/es\/contacto\" class=\"qbutton white medium\" target=\"_self\" style=\"color: #b2b2b1;background-color:#ffffff;\" data-hover-background-color=#ad0132 data-hover-color=#ffffff>CONTACTAR AHORA<\/a><\/div><\/div><\/div>[\/vc_column][\/vc_row]<\/p>\n<\/div>","protected":false},"excerpt":{"rendered":"<p>[vc_row css_animation=\u00bb\u00bb row_type=\u00bbrow\u00bb use_row_as_full_screen_section=\u00bbno\u00bb type=\u00bbgrid\u00bb angled_section=\u00bbno\u00bb text_align=\u00bbleft\u00bb background_image_as_pattern=\u00bbwithout_pattern\u00bb css=\u00bb.vc_custom_1520690035813{padding-top: 60px !important;padding-bottom: 30px !important;}\u00bb z_index=\u00bb\u00bb][vc_column offset=\u00bbvc_col-lg-6 vc_col-md-6&#8243;][vc_column_text css=\u00bb\u00bb] Psicoterapia y v\u00ednculo afectivo, terapia breve y estrat\u00e9gica, coaching, liderazgo, formadora y mentora. [\/vc_column_text][vc_separator type=\u00bbtransparent\u00bb thickness=\u00bb0&#8243; up=\u00bb33&#8243; down=\u00bb0&#8243;][vc_column_text] M\u00e1ster en Psicoterapia y V\u00ednculo Afectivo (Universitat de Girona), M\u00e1ster experta en Coaching (Instituto Europeo de Coaching), Especialista en Terapia Breve y Estrat\u00e9gica (Escuela Palo Bajo_Cetebreu), Posgrado en Liderazgo y Desarrollo de las personas (Universitat de Girona), Especialista en Protocolo y Organitzaci\u00f3n de Actos (Fundaci\u00f3&#8230;<\/p>\n","protected":false},"author":1,"featured_media":0,"parent":0,"menu_order":0,"comment_status":"closed","ping_status":"closed","template":"full_width.php","meta":{"footnotes":""},"class_list":["post-636","page","type-page","status-publish","hentry"],"_links":{"self":[{"href":"https:\/\/www.annaenrich.com\/es\/wp-json\/wp\/v2\/pages\/636","targetHints":{"allow":["GET"]}}],"collection":[{"href":"https:\/\/www.annaenrich.com\/es\/wp-json\/wp\/v2\/pages"}],"about":[{"href":"https:\/\/www.annaenrich.com\/es\/wp-json\/wp\/v2\/types\/page"}],"author":[{"embeddable":true,"href":"https:\/\/www.annaenrich.com\/es\/wp-json\/wp\/v2\/users\/1"}],"replies":[{"embeddable":true,"href":"https:\/\/www.annaenrich.com\/es\/wp-json\/wp\/v2\/comments?post=636"}],"version-history":[{"count":10,"href":"https:\/\/www.annaenrich.com\/es\/wp-json\/wp\/v2\/pages\/636\/revisions"}],"predecessor-version":[{"id":928,"href":"https:\/\/www.annaenrich.com\/es\/wp-json\/wp\/v2\/pages\/636\/revisions\/928"}],"wp:attachment":[{"href":"https:\/\/www.annaenrich.com\/es\/wp-json\/wp\/v2\/media?parent=636"}],"curies":[{"name":"wp","href":"https:\/\/api.w.org\/{rel}","templated":true}]}}