{"id":628,"date":"2016-02-10T08:59:44","date_gmt":"2016-02-10T08:59:44","guid":{"rendered":"http:\/\/www.annaenrich.com\/inici\/"},"modified":"2023-10-27T15:21:19","modified_gmt":"2023-10-27T13:21:19","slug":"inici","status":"publish","type":"page","link":"https:\/\/www.annaenrich.com\/es\/","title":{"rendered":"Inicio"},"content":{"rendered":"<div class=\"wpb-content-wrapper\"><p>[vc_row css_animation=\u00bb\u00bb row_type=\u00bbrow\u00bb use_row_as_full_screen_section=\u00bbno\u00bb type=\u00bbgrid\u00bb angled_section=\u00bbno\u00bb text_align=\u00bbleft\u00bb background_image_as_pattern=\u00bbwithout_pattern\u00bb css=\u00bb.vc_custom_1520524809956{padding-top: 80px !important;padding-bottom: 20px !important;}\u00bb z_index=\u00bb\u00bb][vc_column offset=\u00bbvc_col-lg-4 vc_col-md-4&#8243;]<div class='q_icon_with_title tiny normal_icon '><div class=\"icon_holder \" style=\" \"><span data-icon-type=\"normal\" data-icon-hover-color=\"#b1b1b2\" style=\"font-size: 60px\" class=\"qode_iwt_icon_holder q_font_awsome_icon fa-lg  \"><i class=\"qodef-icon-linea-icon icon-basic-compass qode_iwt_icon_element\" style=\"color: #ad0132\"><\/i><\/span><\/div><div class=\"icon_text_holder\" style=\"padding-left:92px;\"><div class=\"icon_text_inner\" style=\"\"><h3 class=\"icon_title\" style=\"color: #ad0132;font-weight: 700;\">Mejora continua<\/h3><p style=''>Desde el momento actual y enfocando el futuro<\/p><\/div><\/div><\/div>[vc_separator type=\u00bbtransparent\u00bb thickness=\u00bb0&#8243; up=\u00bb27&#8243; down=\u00bb0&#8243;][\/vc_column][vc_column offset=\u00bbvc_col-lg-4 vc_col-md-4&#8243;]<div class='q_icon_with_title tiny normal_icon '><div class=\"icon_holder \" style=\" \"><span data-icon-type=\"normal\" data-icon-hover-color=\"#b2b2b1\" style=\"font-size: 60px\" class=\"qode_iwt_icon_holder q_font_awsome_icon fa-lg  \"><i class=\"qodef-icon-linea-icon icon-basic-heart qode_iwt_icon_element\" style=\"color: #ad0132\"><\/i><\/span><\/div><div class=\"icon_text_holder\" style=\"padding-left:92px;\"><div class=\"icon_text_inner\" style=\"\"><h3 class=\"icon_title\" style=\"color: #ad0132;font-weight: 700;\">Desde la empat\u00eda<\/h3><p style=''>Me centro en la persona, sin emitir juicios<\/p><\/div><\/div><\/div>[vc_separator type=\u00bbtransparent\u00bb thickness=\u00bb0&#8243; up=\u00bb27&#8243; down=\u00bb0&#8243;][\/vc_column][vc_column offset=\u00bbvc_col-lg-4 vc_col-md-4&#8243;]<div class='q_icon_with_title tiny normal_icon '><div class=\"icon_holder \" style=\" \"><span data-icon-type=\"normal\" data-icon-hover-color=\"#b1b1b2\" style=\"font-size: 60px\" class=\"qode_iwt_icon_holder q_font_awsome_icon fa-lg  \"><i class=\"qodef-icon-linea-icon icon-basic-star qode_iwt_icon_element\" style=\"color: #ad0132\"><\/i><\/span><\/div><div class=\"icon_text_holder\" style=\"padding-left:92px;\"><div class=\"icon_text_inner\" style=\"\"><h3 class=\"icon_title\" style=\"color: #ad0132;font-weight: 700;\">Trato excelente y personalizado<\/h3><p style=''>M\u00e9todo hecho a medida del cliente<\/p><\/div><\/div><\/div>[vc_separator type=\u00bbtransparent\u00bb thickness=\u00bb0&#8243; up=\u00bb27&#8243; down=\u00bb0&#8243;][\/vc_column][\/vc_row][vc_row css_animation=\u00bb\u00bb row_type=\u00bbrow\u00bb use_row_as_full_screen_section=\u00bbno\u00bb type=\u00bbgrid\u00bb angled_section=\u00bbno\u00bb text_align=\u00bbleft\u00bb background_image_as_pattern=\u00bbwithout_pattern\u00bb padding_top=\u00bb40&#8243; css=\u00bb.vc_custom_1521299621719{background-color: #f7f7f7 !important;}\u00bb z_index=\u00bb\u00bb][vc_column offset=\u00bbvc_col-lg-4 vc_col-md-4&#8243;][vc_single_image image=\u00bb629&#8243; img_size=\u00bbfull\u00bb qode_css_animation=\u00bb\u00bb][vc_separator type=\u00bbtransparent\u00bb thickness=\u00bb0&#8243; up=\u00bb38&#8243; down=\u00bb0&#8243;][vc_column_text]<\/p>\n<h3><span style=\"color: #ad0132;\"><strong>Te ayudar\u00e9 a:<\/strong><\/span><\/h3>\n<p>[\/vc_column_text][vc_separator type=\u00bbtransparent\u00bb up=\u00bb7&#8243; down=\u00bb15&#8243;][vc_column_text]<\/p>\n<ul>\n<li>Ser coherente con lo que sientes, piensas y act\u00faas<\/li>\n<li>Eliminar creencias limitantes sustituy\u00e9ndolas por creencias potenciadoras<\/li>\n<li>Superar miedos que te bloquean<\/li>\n<li>Aprender herramientas para gestionar emociones<\/li>\n<li>Redescubrir talentos que ya forman parte de ti<\/li>\n<li>Ser una persona con confianza y carisma<\/li>\n<li>Enfocarte en conseguir tus objetivos<\/li>\n<li>Dar sentido a tu vida para sentirte m\u00e1s feliz<\/li>\n<\/ul>\n<p>[\/vc_column_text][vc_separator type=\u00bbtransparent\u00bb thickness=\u00bb0&#8243; up=\u00bb50&#8243; down=\u00bb0&#8243;][\/vc_column][vc_column offset=\u00bbvc_col-lg-4 vc_col-md-4&#8243;][vc_single_image image=\u00bb543&#8243; img_size=\u00bbfull\u00bb qode_css_animation=\u00bb\u00bb][vc_separator type=\u00bbtransparent\u00bb thickness=\u00bb0&#8243; up=\u00bb38&#8243; down=\u00bb0&#8243;][vc_column_text]<\/p>\n<h3><span style=\"color: #ad0132;\"><strong>\u00bfC\u00f3mo quieres vivir tu vida? Vives o sobrevives?<br \/>\n<\/strong><\/span><\/h3>\n<p>[\/vc_column_text][vc_separator type=\u00bbtransparent\u00bb up=\u00bb7&#8243; down=\u00bb15&#8243;][vc_column_text]He tenido la gran suerte de rodearme de personas excelentes que me han apoyado cuando lo he necesitado. He buscado referentes a quienes modelar que han sido mis mentores para ayudarme a ofrecer mi mejor versi\u00f3n. <strong>\u00a1A todas y a cada una de estas personas se lo quiero agradecer de todo coraz\u00f3n!<\/strong><\/p>\n<p>&nbsp;<\/p>\n<p>\u00a1Este largo camino ha sido apasionante! He vivido momentos muy felices y otros muy duros super\u00e1ndolos con una actitud mental positiva. He buscado siempre tener ilusiones y vivir la vida con pasi\u00f3n.<\/p>\n<p>&nbsp;<\/p>\n<p>Con mis conocimientos y experiencia vital, te puedo ayudar a tener una <strong>actitud mental positiva <\/strong>ante la vida, a superar los momentos complicados y a tener <strong>nuevas ilusiones.<\/strong>[\/vc_column_text][vc_separator type=\u00bbtransparent\u00bb thickness=\u00bb0&#8243; up=\u00bb50&#8243; down=\u00bb0&#8243;][\/vc_column][vc_column offset=\u00bbvc_col-lg-4 vc_col-md-4&#8243;][vc_single_image image=\u00bb546&#8243; img_size=\u00bbfull\u00bb qode_css_animation=\u00bb\u00bb][vc_separator type=\u00bbtransparent\u00bb thickness=\u00bb0&#8243; up=\u00bb38&#8243; down=\u00bb0&#8243;][vc_column_text]<\/p>\n<h3><span style=\"color: #ad0132;\"><strong>\u00bfDebes liderar equipos de trabajo?<\/strong><\/span><\/h3>\n<p>[\/vc_column_text][vc_separator type=\u00bbtransparent\u00bb up=\u00bb7&#8243; down=\u00bb15&#8243;][vc_column_text]Te puedo aportar mi formaci\u00f3n en Liderazgo, Coaching, PNL, Protocolo, Gesti\u00f3n empresarial, Habilidades de comunicaci\u00f3n y Neurolideraje, mi visi\u00f3n como trabajadora en varios sectores, trabajando por mi cuenta y mi experiencia de a\u00f1os como Directora de unidades de negocio.<\/p>\n<p><strong>Trabajaremos en:<\/strong><\/p>\n<ul>\n<li>Qu\u00e9 valores y habilidades tiene que tener un L\u00edder-Neurol\u00edder<\/li>\n<li>Qu\u00e9 motiva a un trabajador<\/li>\n<li>Mejorar la organizaci\u00f3n empresarial<\/li>\n<li>C\u00f3mo comunicarte con el equipo de trabajo de manera asertiva<\/li>\n<li>Como cohesionar este equipo<\/li>\n<li>Como hacer reuniones de trabajo productivas<\/li>\n<li>Gesti\u00f3n y supervisi\u00f3n de las tareas a desarrollar<\/li>\n<li>Evaluaci\u00f3n de los resultados<\/li>\n<\/ul>\n<p>[\/vc_column_text][vc_separator type=\u00bbtransparent\u00bb thickness=\u00bb0&#8243; up=\u00bb50&#8243; down=\u00bb0&#8243;][\/vc_column][\/vc_row][vc_row css_animation=\u00bb\u00bb row_type=\u00bbrow\u00bb use_row_as_full_screen_section=\u00bbno\u00bb type=\u00bbgrid\u00bb angled_section=\u00bbno\u00bb text_align=\u00bbcenter\u00bb background_image_as_pattern=\u00bbwithout_pattern\u00bb css=\u00bb.vc_custom_1520529591340{padding-top: 80px !important;padding-bottom: 80px !important;}\u00bb z_index=\u00bb\u00bb][vc_column width=\u00bb5\/6&#8243; offset=\u00bbvc_col-lg-offset-2 vc_col-lg-8 vc_col-md-offset-1 vc_col-md-10 vc_col-sm-offset-1&#8243;][vc_column_text]<\/p>\n<h2><span style=\"color: #ad0132;\">OPINIONES DE MIS CLIENTES<\/span><\/h2>\n<p>[\/vc_column_text]<div class='testimonials_c_holder clearfix dark'><div class=\"testimonials_c testimonials_c_carousel\" data-show-navigation=\"yes\" data-animation-speed=\"\" data-auto-rotate-slides=\"3\" data-number-per-slide=\"1\"><ul class=\"slides\"><li id=\"testimonials-c-648\" class=\"testimonial_content\"><div class=\"testimonial_content_inner\"><div class=\"testimonial_text_holder\"><div class=\"testimonial_text_inner\" style=\"\"><p >Hac\u00eda a\u00f1os que deseaba ir a vivir a otro pa\u00eds y poder desarrollar mi proyecto profesional, pero mi deseo s\u00f3lo se quedaba en un sue\u00f1o. Decid\u00ed a contratar a Anna para que me ayudara a focalizarme y a no dispersarme, puesto que cuando intentaba conseguir mi sue\u00f1o siempre encontraba excusas para no llevarlo a cabo. Anna me ayud\u00f3 a potenciar mis fortalezas, a organizarme y a encontrar los recursos necesarios para conseguir mi objetivo. Mi sue\u00f1o se ha hecho realidad, estoy viviendo en el pa\u00eds que yo deseaba y he materializado mi proyecto profesional. Gracias Anna, ahora me siento realizada y feliz. \u00a1Querer es poder!<\/p><p class=\"testimonial_author\" style=\"\">- Maria (Empres\u00e0ria)<\/p><\/div><\/div><\/div><\/li><li id=\"testimonials-c-649\" class=\"testimonial_content\"><div class=\"testimonial_content_inner\"><div class=\"testimonial_text_holder\"><div class=\"testimonial_text_inner\" style=\"\"><p >Soy un excelente profesional que estaba trabajando en una empresa donde me sent\u00eda estancado y poco valorado. No me sent\u00eda realizado y me estaba planteando hacer un cambio pero los miedos me limitaban y no sab\u00eda como salir de mi zona de confort. Anna me ayud\u00f3 a mejorar mi autoestima, a aclarar realmente qu\u00e9 era mi objetivo y a trabajar para conseguirlo. Decid\u00ed cambiar de empresa y empezar a liderar mi vida. Actualmente trabajo en una nueva compa\u00f1\u00eda, liderando equipos de trabajo y con mucho ilusi\u00f3n para crear mi propia empresa; \u00a1ya estoy trabajando y s\u00e9 que lo conseguir\u00e9!<\/p><p class=\"testimonial_author\" style=\"\">- Joan (Dissenyador)<\/p><\/div><\/div><\/div><\/li><li id=\"testimonials-c-650\" class=\"testimonial_content\"><div class=\"testimonial_content_inner\"><div class=\"testimonial_text_holder\"><div class=\"testimonial_text_inner\" style=\"\"><p >Me sent\u00eda triste, desmotivado, ap\u00e1tico y hab\u00eda perdido la ilusi\u00f3n a nivel personal y profesional. Sent\u00eda que me faltaban fuerzas para llevar a cabo mis proyectos y mi actitud negativa no me dejaba avanzar; me estaba afectando en el trabajo y a mi entorno m\u00e1s cercano. Mi familia y amistades estaban preocupados por m\u00ed y no sab\u00edan como ayudarme. La empat\u00eda que me transmit\u00eda Anna me reconfortaba, ella no me juzgaba, me valoraba y me ayudaba a que volviera a creer en m\u00ed, a sustituir creencias que me limitaban por otras que me potenciaban, a descubrir talentos que yo ya ten\u00eda pero no sab\u00eda ver, a tener una actitud mental positiva y a vivir con ilusi\u00f3n y con pasi\u00f3n. Mi relaci\u00f3n conmigo mismo y con los dem\u00e1s ahora es totalmente positiva.<\/p><p class=\"testimonial_author\" style=\"\">- David (Aut\u00f2nom)<\/p><\/div><\/div><\/div><\/li><\/ul><\/div><\/div>[\/vc_column][\/vc_row][vc_row css_animation=\u00bb\u00bb row_type=\u00bbrow\u00bb use_row_as_full_screen_section=\u00bbno\u00bb type=\u00bbfull_width\u00bb angled_section=\u00bbno\u00bb text_align=\u00bbcenter\u00bb background_image_as_pattern=\u00bbwithout_pattern\u00bb][vc_column]<div class=\"call_to_action simple\" style=\"background-color: #b2b2b1;padding-top: 40px;padding-bottom: 40px;\"><div class=\"container_inner\"><div class=\"text_wrapper column1\"><div class=\"call_to_action_text  font_size_inherit font_weight_inherit letter_spacing_inherit\" style=\"font-size:20px;font-weight: 300;letter-spacing: 2px;\">\n<h5 style=\"text-align: center\"><span style=\"color: #ffffff\">\u00bfQuieres contratar UNA CONFERENCIA? Hazme tu propuesta y la puedo adaptar a tus necesidades. \u00a1Estar\u00e9 encantada! <\/span><\/h5>\n<\/div><a itemprop=\"url\" href=\"\/es\/contacto\" class=\"qbutton white medium\" target=\"_self\" style=\"color: #b2b2b1;background-color:#ffffff;\" data-hover-background-color=#ad0132 data-hover-color=#ffffff>CONTACTAR AHORA<\/a><\/div><\/div><\/div>[\/vc_column][\/vc_row]<\/p>\n<\/div>","protected":false},"excerpt":{"rendered":"<p>[vc_row css_animation=\u00bb\u00bb row_type=\u00bbrow\u00bb use_row_as_full_screen_section=\u00bbno\u00bb type=\u00bbgrid\u00bb angled_section=\u00bbno\u00bb text_align=\u00bbleft\u00bb background_image_as_pattern=\u00bbwithout_pattern\u00bb css=\u00bb.vc_custom_1520524809956{padding-top: 80px !important;padding-bottom: 20px !important;}\u00bb z_index=\u00bb\u00bb][vc_column offset=\u00bbvc_col-lg-4 vc_col-md-4&#8243;][vc_separator type=\u00bbtransparent\u00bb thickness=\u00bb0&#8243; up=\u00bb27&#8243; down=\u00bb0&#8243;][\/vc_column][vc_column offset=\u00bbvc_col-lg-4 vc_col-md-4&#8243;][vc_separator type=\u00bbtransparent\u00bb thickness=\u00bb0&#8243; up=\u00bb27&#8243; down=\u00bb0&#8243;][\/vc_column][vc_column offset=\u00bbvc_col-lg-4 vc_col-md-4&#8243;][vc_separator type=\u00bbtransparent\u00bb thickness=\u00bb0&#8243; up=\u00bb27&#8243; down=\u00bb0&#8243;][\/vc_column][\/vc_row][vc_row css_animation=\u00bb\u00bb row_type=\u00bbrow\u00bb use_row_as_full_screen_section=\u00bbno\u00bb type=\u00bbgrid\u00bb angled_section=\u00bbno\u00bb text_align=\u00bbleft\u00bb background_image_as_pattern=\u00bbwithout_pattern\u00bb padding_top=\u00bb40&#8243; css=\u00bb.vc_custom_1521299621719{background-color: #f7f7f7 !important;}\u00bb z_index=\u00bb\u00bb][vc_column offset=\u00bbvc_col-lg-4 vc_col-md-4&#8243;][vc_single_image image=\u00bb629&#8243; img_size=\u00bbfull\u00bb qode_css_animation=\u00bb\u00bb][vc_separator type=\u00bbtransparent\u00bb thickness=\u00bb0&#8243; up=\u00bb38&#8243; down=\u00bb0&#8243;][vc_column_text] Te ayudar\u00e9 a: [\/vc_column_text][vc_separator type=\u00bbtransparent\u00bb up=\u00bb7&#8243; down=\u00bb15&#8243;][vc_column_text] Ser coherente con lo que sientes, piensas y act\u00faas Eliminar creencias limitantes sustituy\u00e9ndolas por creencias potenciadoras Superar miedos que te&#8230;<\/p>\n","protected":false},"author":1,"featured_media":0,"parent":0,"menu_order":0,"comment_status":"closed","ping_status":"closed","template":"full_width.php","meta":{"footnotes":""},"class_list":["post-628","page","type-page","status-publish","hentry"],"_links":{"self":[{"href":"https:\/\/www.annaenrich.com\/es\/wp-json\/wp\/v2\/pages\/628","targetHints":{"allow":["GET"]}}],"collection":[{"href":"https:\/\/www.annaenrich.com\/es\/wp-json\/wp\/v2\/pages"}],"about":[{"href":"https:\/\/www.annaenrich.com\/es\/wp-json\/wp\/v2\/types\/page"}],"author":[{"embeddable":true,"href":"https:\/\/www.annaenrich.com\/es\/wp-json\/wp\/v2\/users\/1"}],"replies":[{"embeddable":true,"href":"https:\/\/www.annaenrich.com\/es\/wp-json\/wp\/v2\/comments?post=628"}],"version-history":[{"count":4,"href":"https:\/\/www.annaenrich.com\/es\/wp-json\/wp\/v2\/pages\/628\/revisions"}],"predecessor-version":[{"id":859,"href":"https:\/\/www.annaenrich.com\/es\/wp-json\/wp\/v2\/pages\/628\/revisions\/859"}],"wp:attachment":[{"href":"https:\/\/www.annaenrich.com\/es\/wp-json\/wp\/v2\/media?parent=628"}],"curies":[{"name":"wp","href":"https:\/\/api.w.org\/{rel}","templated":true}]}}